{"id":29892,"date":"2026-01-19T13:02:25","date_gmt":"2026-01-19T13:02:25","guid":{"rendered":"https:\/\/nexgen.lv\/?post_type=product&#038;p=29892"},"modified":"2026-01-27T13:13:43","modified_gmt":"2026-01-27T13:13:43","slug":"expert-build-e999","status":"publish","type":"product","link":"https:\/\/nexgen.lv\/ru\/product\/expert-build-e999\/","title":{"rendered":"Expert Build \u2013 \u20ac999"},"content":{"rendered":"<div class=\"elementor-element elementor-element-79fc427 wd-width-100 elementor-widget elementor-widget-wd_title\" data-id=\"79fc427\" data-element_type=\"widget\" data-widget_type=\"wd_title.default\">\n<div class=\"elementor-widget-container\">\n<div class=\"title-wrapper wd-set-mb reset-last-child wd-title-color-default wd-title-style-default wd-title-size-default text-left\">\n<div class=\"liner-continer\">\n<h4 class=\"woodmart-title-container title wd-fontsize-l\">Processors<\/h4>\n<\/div>\n<\/div>\n<\/div>\n<\/div>\n<div class=\"elementor-element elementor-element-0c3b198 wd-style-default wd-single-attrs wd-layout-list elementor-widget elementor-widget-wd_single_product_additional_info_table\" data-id=\"0c3b198\" data-element_type=\"widget\" data-widget_type=\"wd_single_product_additional_info_table.default\">\n<div class=\"elementor-widget-container\">\n<table class=\"woocommerce-product-attributes shop_attributes\" style=\"height: 60px;\" width=\"308\" aria-label=\"Product Details\">\n<tbody>\n<tr class=\"woocommerce-product-attributes-item woocommerce-product-attributes-item--attribute_pa_vram\">\n<th class=\"woocommerce-product-attributes-item__label\" scope=\"row\"><span class=\"wd-attr-name\"><span class=\"wd-attr-name-label\">Ryzen 5<\/span><\/span><\/th>\n<td class=\"woocommerce-product-attributes-item__value\">5500<\/td>\n<\/tr>\n<tr class=\"woocommerce-product-attributes-item woocommerce-product-attributes-item--attribute_pa_ram-type\">\n<th class=\"woocommerce-product-attributes-item__label\" scope=\"row\"><\/th>\n<td class=\"woocommerce-product-attributes-item__value\"><\/td>\n<\/tr>\n<\/tbody>\n<\/table>\n<\/div>\n<\/div>\n<div class=\"elementor-element elementor-element-dd19de5 wd-style-default wd-single-attrs wd-layout-list elementor-widget elementor-widget-wd_single_product_additional_info_table\" data-id=\"dd19de5\" data-element_type=\"widget\" data-widget_type=\"wd_single_product_additional_info_table.default\">\n<div class=\"elementor-widget-container\">\n<h4 class=\"wd-el-title title element-title\"><span class=\"title-text\">RAMs<\/span><\/h4>\n<table class=\"woocommerce-product-attributes shop_attributes\" style=\"height: 73px;\" width=\"310\" aria-label=\"Product Details\">\n<tbody>\n<tr class=\"woocommerce-product-attributes-item woocommerce-product-attributes-item--attribute_pa_vram\">\n<th class=\"woocommerce-product-attributes-item__label\" scope=\"row\"><span class=\"wd-attr-name\"><span class=\"wd-attr-name-label\">Atmi\u0146as apjoms<\/span><\/span><\/th>\n<td class=\"woocommerce-product-attributes-item__value\"><a href=\"https:\/\/nexgen.lv\/ru\/vram\/16gb\/\" rel=\"tag\">16GB<\/a><\/td>\n<\/tr>\n<tr class=\"woocommerce-product-attributes-item woocommerce-product-attributes-item--attribute_pa_ram-type\">\n<th class=\"woocommerce-product-attributes-item__label\" scope=\"row\"><span class=\"wd-attr-name\"><span class=\"wd-attr-name-label\">Atmi\u0146as tips<\/span><\/span><\/th>\n<td class=\"woocommerce-product-attributes-item__value\"><a href=\"https:\/\/nexgen.lv\/ru\/ram-type\/ddr4\/\" rel=\"tag\">DDR4<\/a><\/td>\n<\/tr>\n<\/tbody>\n<\/table>\n<\/div>\n<\/div>\n<div class=\"elementor-element elementor-element-aab000b wd-style-default wd-single-attrs wd-layout-list elementor-widget elementor-widget-wd_single_product_additional_info_table\" data-id=\"aab000b\" data-element_type=\"widget\" data-widget_type=\"wd_single_product_additional_info_table.default\">\n<div class=\"elementor-widget-container\">\n<h4 class=\"wd-el-title title element-title\"><span class=\"title-text\">Atmi\u0146a<\/span><\/h4>\n<table class=\"woocommerce-product-attributes shop_attributes\" style=\"height: 75px;\" width=\"301\" aria-label=\"Product Details\">\n<tbody>\n<tr class=\"woocommerce-product-attributes-item woocommerce-product-attributes-item--attribute_pa_vram\">\n<th class=\"woocommerce-product-attributes-item__label\" scope=\"row\"><span class=\"wd-attr-name\"><span class=\"wd-attr-name-label\">SSD<\/span><\/span><\/th>\n<td class=\"woocommerce-product-attributes-item__value\"><a href=\"https:\/\/nexgen.lv\/ru\/vram\/16gb\/\" rel=\"tag\">1T<\/a><\/td>\n<\/tr>\n<tr class=\"woocommerce-product-attributes-item woocommerce-product-attributes-item--attribute_pa_ram-type\">\n<th class=\"woocommerce-product-attributes-item__label\" scope=\"row\"><\/th>\n<td class=\"woocommerce-product-attributes-item__value\"><\/td>\n<\/tr>\n<\/tbody>\n<\/table>\n<\/div>\n<\/div>\n<div class=\"elementor-element elementor-element-b55eed3 wd-style-default wd-single-attrs wd-layout-list elementor-widget elementor-widget-wd_single_product_additional_info_table\" data-id=\"b55eed3\" data-element_type=\"widget\" data-widget_type=\"wd_single_product_additional_info_table.default\">\n<div class=\"elementor-widget-container\">\n<h4 class=\"wd-el-title title element-title\"><span class=\"title-text\">Video karte<\/span><\/h4>\n<table class=\"woocommerce-product-attributes shop_attributes\" style=\"height: 73px;\" width=\"305\" aria-label=\"Product Details\">\n<tbody>\n<tr class=\"woocommerce-product-attributes-item woocommerce-product-attributes-item--attribute_pa_vram\">\n<th class=\"woocommerce-product-attributes-item__label\" scope=\"row\"><span class=\"wd-attr-name\"><span class=\"wd-attr-name-label\">Nvidai<\/span><\/span><\/th>\n<td class=\"woocommerce-product-attributes-item__value\">RTX 5060<\/td>\n<\/tr>\n<tr class=\"woocommerce-product-attributes-item woocommerce-product-attributes-item--attribute_pa_ram-type\">\n<th class=\"woocommerce-product-attributes-item__label\" scope=\"row\"><\/th>\n<td class=\"woocommerce-product-attributes-item__value\"><\/td>\n<\/tr>\n<\/tbody>\n<\/table>\n<\/div>\n<\/div>\n<div class=\"elementor-element elementor-element-305b865 wd-style-default wd-single-attrs wd-layout-list elementor-widget elementor-widget-wd_single_product_additional_info_table\" data-id=\"305b865\" data-element_type=\"widget\" data-widget_type=\"wd_single_product_additional_info_table.default\">\n<div class=\"elementor-widget-container\">\n<h4 class=\"wd-el-title title element-title\"><span class=\"title-text\">M\u0101tesplate<\/span><\/h4>\n<table class=\"woocommerce-product-attributes shop_attributes\" style=\"height: 70px;\" width=\"302\" aria-label=\"Product Details\">\n<tbody>\n<tr class=\"woocommerce-product-attributes-item woocommerce-product-attributes-item--attribute_pa_vram\">\n<th class=\"woocommerce-product-attributes-item__label\" scope=\"row\"><span class=\"wd-attr-name\"><span class=\"wd-attr-name-label\">Asus rog<\/span><\/span><\/th>\n<td class=\"woocommerce-product-attributes-item__value\">B550<\/td>\n<\/tr>\n<tr class=\"woocommerce-product-attributes-item woocommerce-product-attributes-item--attribute_pa_ram-type\">\n<th class=\"woocommerce-product-attributes-item__label\" scope=\"row\"><\/th>\n<td class=\"woocommerce-product-attributes-item__value\"><\/td>\n<\/tr>\n<\/tbody>\n<\/table>\n<\/div>\n<\/div>\n<div class=\"elementor-element elementor-element-968d8ae wd-style-default wd-single-attrs wd-layout-list elementor-widget elementor-widget-wd_single_product_additional_info_table\" data-id=\"968d8ae\" data-element_type=\"widget\" data-widget_type=\"wd_single_product_additional_info_table.default\">\n<div class=\"elementor-widget-container\">\n<h4 class=\"wd-el-title title element-title\"><span class=\"title-text\">Baro\u0161anas bloks<\/span><\/h4>\n<table class=\"woocommerce-product-attributes shop_attributes\" style=\"height: 64px;\" width=\"302\" aria-label=\"Product Details\">\n<tbody>\n<tr class=\"woocommerce-product-attributes-item woocommerce-product-attributes-item--attribute_pa_vram\">\n<th class=\"woocommerce-product-attributes-item__label\" scope=\"row\">Gigabyte<\/th>\n<td class=\"woocommerce-product-attributes-item__value\">650w<\/td>\n<\/tr>\n<tr class=\"woocommerce-product-attributes-item woocommerce-product-attributes-item--attribute_pa_ram-type\">\n<th class=\"woocommerce-product-attributes-item__label\" scope=\"row\"><\/th>\n<\/tr>\n<\/tbody>\n<\/table>\n<\/div>\n<\/div>","protected":false},"excerpt":{"rendered":"<p>Processors Ryzen 5 5500 RAMs Atmi\u0146as apjoms 16GB Atmi\u0146as tips DDR4 Atmi\u0146a SSD 1T Video karte Nvidai RTX 5060 M\u0101tesplate<\/p>","protected":false},"featured_media":4440,"comment_status":"open","ping_status":"closed","template":"","meta":[],"product_brand":[],"product_cat":[701],"product_tag":[],"class_list":{"0":"post-29892","1":"product","2":"type-product","3":"status-publish","4":"has-post-thumbnail","6":"product_cat-personaliedatori","7":"pa_ram-type-ddr4","8":"pa_vram-16gb","10":"first","11":"instock","12":"taxable","13":"shipping-taxable","14":"purchasable","15":"product-type-simple"},"_links":{"self":[{"href":"https:\/\/nexgen.lv\/ru\/wp-json\/wp\/v2\/product\/29892","targetHints":{"allow":["GET"]}}],"collection":[{"href":"https:\/\/nexgen.lv\/ru\/wp-json\/wp\/v2\/product"}],"about":[{"href":"https:\/\/nexgen.lv\/ru\/wp-json\/wp\/v2\/types\/product"}],"replies":[{"embeddable":true,"href":"https:\/\/nexgen.lv\/ru\/wp-json\/wp\/v2\/comments?post=29892"}],"version-history":[{"count":14,"href":"https:\/\/nexgen.lv\/ru\/wp-json\/wp\/v2\/product\/29892\/revisions"}],"predecessor-version":[{"id":30269,"href":"https:\/\/nexgen.lv\/ru\/wp-json\/wp\/v2\/product\/29892\/revisions\/30269"}],"wp:featuredmedia":[{"embeddable":true,"href":"https:\/\/nexgen.lv\/ru\/wp-json\/wp\/v2\/media\/4440"}],"wp:attachment":[{"href":"https:\/\/nexgen.lv\/ru\/wp-json\/wp\/v2\/media?parent=29892"}],"wp:term":[{"taxonomy":"product_brand","embeddable":true,"href":"https:\/\/nexgen.lv\/ru\/wp-json\/wp\/v2\/product_brand?post=29892"},{"taxonomy":"product_cat","embeddable":true,"href":"https:\/\/nexgen.lv\/ru\/wp-json\/wp\/v2\/product_cat?post=29892"},{"taxonomy":"product_tag","embeddable":true,"href":"https:\/\/nexgen.lv\/ru\/wp-json\/wp\/v2\/product_tag?post=29892"}],"curies":[{"name":"wp","href":"https:\/\/api.w.org\/{rel}","templated":true}]}}