{"id":41,"date":"2026-01-13T07:24:48","date_gmt":"2026-01-13T07:24:48","guid":{"rendered":"https:\/\/nexgen.lv\/my-account-2\/"},"modified":"2026-01-26T09:49:30","modified_gmt":"2026-01-26T09:49:30","slug":"my-account-2","status":"publish","type":"page","link":"https:\/\/nexgen.lv\/ru\/my-account-2\/","title":{"rendered":"\u041c\u043e\u0439 \u0430\u043a\u043a\u0430\u0443\u043d\u0442"},"content":{"rendered":"<div data-elementor-type=\"wp-post\" data-elementor-id=\"41\" class=\"elementor elementor-41\">\n\t\t\t\t\t\t<section class=\"wd-negative-gap elementor-section elementor-top-section elementor-element elementor-element-0e916b3 elementor-section-boxed elementor-section-height-default elementor-section-height-default\" data-id=\"0e916b3\" data-element_type=\"section\" data-e-type=\"section\" data-settings=\"{&quot;background_background&quot;:&quot;classic&quot;}\">\n\t\t\t\t\t\t\t<div class=\"elementor-background-overlay\"><\/div>\n\t\t\t\t\t\t\t<div class=\"elementor-container elementor-column-gap-default\">\n\t\t\t\t\t<div class=\"elementor-column elementor-col-100 elementor-top-column elementor-element elementor-element-8e0ee3d\" data-id=\"8e0ee3d\" data-element_type=\"column\" data-e-type=\"column\">\n\t\t\t<div class=\"elementor-widget-wrap elementor-element-populated\">\n\t\t\t\t\t\t<div class=\"elementor-element elementor-element-5f25524 elementor-widget elementor-widget-heading\" data-id=\"5f25524\" data-element_type=\"widget\" data-e-type=\"widget\" data-widget_type=\"heading.default\">\n\t\t\t\t<div class=\"elementor-widget-container\">\n\t\t\t\t\t<h1 class=\"elementor-heading-title elementor-size-default\">\u041c\u043e\u0439 \u043f\u0440\u043e\u0444\u0438\u043b\u044c<\/h1>\t\t\t\t<\/div>\n\t\t\t\t<\/div>\n\t\t\t\t\t<\/div>\n\t\t<\/div>\n\t\t\t\t\t<\/div>\n\t\t<\/section>\n\t\t\t\t<section class=\"wd-negative-gap elementor-section elementor-top-section elementor-element elementor-element-79db6ca5 elementor-section-boxed elementor-section-height-default elementor-section-height-default\" data-id=\"79db6ca5\" data-element_type=\"section\" data-e-type=\"section\">\n\t\t\t\t\t\t<div class=\"elementor-container elementor-column-gap-default\">\n\t\t\t\t\t<div class=\"elementor-column elementor-col-100 elementor-top-column elementor-element elementor-element-2255fc82\" data-id=\"2255fc82\" data-element_type=\"column\" data-e-type=\"column\">\n\t\t\t<div class=\"elementor-widget-wrap elementor-element-populated\">\n\t\t\t\t\t\t<div class=\"elementor-element elementor-element-59588293 elementor-widget elementor-widget-shortcode\" data-id=\"59588293\" data-element_type=\"widget\" data-e-type=\"widget\" data-widget_type=\"shortcode.default\">\n\t\t\t\t<div class=\"elementor-widget-container\">\n\t\t\t\t\t\t\t<div class=\"elementor-shortcode\"><div class=\"woocommerce\"><div class=\"woocommerce-notices-wrapper\"><\/div>\n<div class=\"wd-registration-page wd-register-tabs\">\n\n\n<div class=\"wd-grid-f-col\" id=\"customer_login\">\n\n\t<div class=\"wd-col col-login\">\n\n\n\t\t<h2 class=\"wd-login-title\" data-no-translation=\"\" data-trp-gettext=\"\">\u0412\u0445\u043e\u0434<\/h2>\n\n\t\t\t\t\t<form id=\"customer_login\" method=\"post\" class=\"login woocommerce-form woocommerce-form-login hidden-form\" action=\"https:\/\/nexgen.lv\/ru\/my-account-2\/?action=login\" data-trp-original-action=\"https:\/\/nexgen.lv\/ru\/my-account-2\/?action=login\">\n\n\t\t\t\t\n\t\t\t\t\n\t\t\t\t<p class=\"woocommerce-FormRow woocommerce-FormRow--wide form-row form-row-wide form-row-username\">\n\t\t\t\t\t<label for=\"username\">\u0418\u043c\u044f \u043f\u043e\u043b\u044c\u0437\u043e\u0432\u0430\u0442\u0435\u043b\u044f \u0438\u043b\u0438 Email&nbsp;<span class=\"required\" aria-hidden=\"true\">*<\/span><span class=\"screen-reader-text\" data-no-translation=\"\" data-trp-gettext=\"\">\u041e\u0431\u044f\u0437\u0430\u0442\u0435\u043b\u044c\u043d\u043e<\/span><\/label>\n\t\t\t\t\t<input type=\"text\" class=\"woocommerce-Input woocommerce-Input--text input-text\" name=\"username\" id=\"username\" autocomplete=\"username\" value=\"\" \/>\t\t\t\t<\/p>\n\t\t\t\t<p class=\"woocommerce-FormRow woocommerce-FormRow--wide form-row form-row-wide form-row-password\">\n\t\t\t\t\t<label for=\"password\">Password&nbsp;<span class=\"required\" aria-hidden=\"true\">*<\/span><span class=\"screen-reader-text\" data-no-translation=\"\" data-trp-gettext=\"\">\u041e\u0431\u044f\u0437\u0430\u0442\u0435\u043b\u044c\u043d\u043e<\/span><\/label>\n\t\t\t\t\t<input class=\"woocommerce-Input woocommerce-Input--text input-text\" type=\"password\" name=\"password\" id=\"password\" autocomplete=\"current-password\" \/>\n\t\t\t\t<\/p>\n\n\t\t\t\t\n\t\t\t\t<p class=\"form-row form-row-btn\">\n\t\t\t\t\t<input type=\"hidden\" id=\"woocommerce-login-nonce\" name=\"woocommerce-login-nonce\" value=\"94a244f813\" \/><input type=\"hidden\" name=\"_wp_http_referer\" value=\"\/ru\/wp-json\/wp\/v2\/pages\/41\" \/>\t\t\t\t\t\t\t\t\t\t<button type=\"submit\" class=\"button woocommerce-button woocommerce-form-login__submit\" name=\"login\" value=\"Log in\">Log in<\/button>\n\t\t\t\t<\/p>\n\n\t\t\t\t<p class=\"login-form-footer\">\n\t\t\t\t\t<a href=\"https:\/\/nexgen.lv\/ru\/my-account-2\/lost-password\/\" class=\"woocommerce-LostPassword lost_password\">Lost your password?<\/a>\n\t\t\t\t\t<label class=\"woocommerce-form__label woocommerce-form__label-for-checkbox woocommerce-form-login__rememberme\">\n\t\t\t\t\t\t<input class=\"woocommerce-form__input woocommerce-form__input-checkbox\" name=\"rememberme\" type=\"checkbox\" value=\"forever\" title=\"Remember me\" aria-label=\"Remember me\" \/> <span>Remember me<\/span>\n\t\t\t\t\t<\/label>\n\t\t\t\t<\/p>\n\n\t\t\t\t\n\t\t\t\t\t\t\t<input type=\"hidden\" name=\"trp-form-language\" value=\"ru\"\/><\/form>\n\n\t\t\n\n\t<\/div>\n\n\t<div class=\"wd-col col-register\">\n\n\t\t<h2 class=\"wd-login-title\" data-no-translation=\"\" data-trp-gettext=\"\">\u0420\u0435\u0433\u0438\u0441\u0442\u0440\u0430\u0446\u0438\u044f<\/h2>\n\n\t\t\t\t<form method=\"post\" action=\"https:\/\/nexgen.lv\/ru\/my-account-2\/?action=register\" class=\"woocommerce-form woocommerce-form-register register\" data-trp-original-action=\"https:\/\/nexgen.lv\/ru\/my-account-2\/?action=register\"  >\n\t\t\n\t\t\t\t\t\n\t\t\t\t\t\n\t\t\t\t<p class=\"woocommerce-form-row woocommerce-form-row--wide form-row form-row-wide\">\n\t\t\t\t\t<label for=\"reg_username\">\u0418\u043c\u044f \u043f\u043e\u043b\u044c\u0437\u043e\u0432\u0430\u0442\u0435\u043b\u044f&nbsp;<span class=\"required\" aria-hidden=\"true\">*<\/span><span class=\"screen-reader-text\" data-no-translation=\"\" data-trp-gettext=\"\">\u041e\u0431\u044f\u0437\u0430\u0442\u0435\u043b\u044c\u043d\u043e<\/span><\/label>\n\t\t\t\t\t<input type=\"text\" class=\"woocommerce-Input woocommerce-Input--text input-text\" name=\"username\" id=\"reg_username\" autocomplete=\"username\" value=\"\" \/>\t\t\t\t<\/p>\n\t\t\n\t\t\t\t\t\n\t\t\t<p class=\"woocommerce-form-row woocommerce-form-row--wide form-row form-row-wide\">\n\t\t\t\t<label for=\"reg_email\">Email&nbsp;<span class=\"required\" aria-hidden=\"true\">*<\/span><span class=\"screen-reader-text\" data-no-translation=\"\" data-trp-gettext=\"\">\u041e\u0431\u044f\u0437\u0430\u0442\u0435\u043b\u044c\u043d\u043e<\/span><\/label>\n\t\t\t\t<input type=\"email\" class=\"woocommerce-Input woocommerce-Input--text input-text\" name=\"email\" id=\"reg_email\" autocomplete=\"email\" value=\"\" \/>\t\t\t<\/p>\n\t\t\n\t\t\t\t\t\n\t\t\t\t<p data-no-translation=\"\" data-trp-gettext=\"\">\u0421\u0441\u044b\u043b\u043a\u0430 \u0434\u043b\u044f \u0443\u0441\u0442\u0430\u043d\u043e\u0432\u043a\u0438 \u043d\u043e\u0432\u043e\u0433\u043e \u043f\u0430\u0440\u043e\u043b\u044f \u0431\u0443\u0434\u0435\u0442 \u043e\u0442\u043f\u0440\u0430\u0432\u043b\u0435\u043d\u0430 \u200b\u200b\u043d\u0430 \u0432\u0430\u0448 \u0430\u0434\u0440\u0435\u0441 \u044d\u043b\u0435\u043a\u0442\u0440\u043e\u043d\u043d\u043e\u0439 \u043f\u043e\u0447\u0442\u044b.<\/p>\n\t\t\n\t\t\t\t\t\n\t\t\t<div style=\"left: -999em; position: absolute;\"><label for=\"trap\" data-no-translation=\"\" data-trp-gettext=\"\">Anti-spam<\/label><input type=\"text\" name=\"email_2\" id=\"trap\" tabindex=\"-1\" \/><\/div>\n\t\t\n\t\t\t<wc-order-attribution-inputs><\/wc-order-attribution-inputs><div class=\"woocommerce-privacy-policy-text\"><p>J\u016bsu personas dati tiks izmantoti j\u016bsu pieredzes nodro\u0161in\u0101\u0161anai \u0161aj\u0101 vietn\u0113, piek\u013cuves p\u0101rvald\u012bbai j\u016bsu kontam un citiem m\u0113r\u0137iem, kas aprakst\u012bti m\u016bsu <a href=\"https:\/\/nexgen.lv\/ru\/29786-2\/\" class=\"woocommerce-privacy-policy-link\" target=\"_blank\" data-no-translation=\"\" data-trp-gettext=\"\">\u043f\u043e\u043b\u0438\u0442\u0438\u043a\u0430 \u043a\u043e\u043d\u0444\u0438\u0434\u0435\u043d\u0446\u0438\u0430\u043b\u044c\u043d\u043e\u0441\u0442\u0438<\/a>.<\/p>\n<\/div>\t\t\n\t\t\t<p class=\"woocommerce-form-row form-row form-row-btn\">\n\t\t\t\t<input type=\"hidden\" id=\"woocommerce-register-nonce\" name=\"woocommerce-register-nonce\" value=\"1b1b717c6c\" \/><input type=\"hidden\" name=\"_wp_http_referer\" value=\"\/ru\/wp-json\/wp\/v2\/pages\/41\" \/>\t\t\t\t<button type=\"submit\" class=\"woocommerce-Button woocommerce-button button\" name=\"register\" value=\"\u0420\u0435\u0433\u0438\u0441\u0442\u0440\u0430\u0446\u0438\u044f\" data-no-translation=\"\" data-trp-gettext=\"\" data-no-translation-value=\"\">\u0420\u0435\u0433\u0438\u0441\u0442\u0440\u0430\u0446\u0438\u044f<\/button>\n\t\t\t<\/p>\n\t\t\n\t\t\t\t\t\n\t\t<input type=\"hidden\" name=\"trp-form-language\" value=\"ru\"\/><\/form>\n\t\t\n\t<\/div>\n\n\t\t\t<div class=\"wd-col col-register-text\">\n\n\t\t\t<p class=\"title wd-login-divider\"><span>Or<\/span><\/p>\n\n\t\t\t\n\t\t\t\t\t\t\t<h2 class=\"wd-login-title\">Register<\/h2>\n\t\t\t\n\t\t\t\n\t\t\t\t\t\t\t<div class=\"registration-info\">Registering for this site allows you to access your order status and history. Just fill in the fields below, and we'll get a new account set up for you in no time. We will only ask you for information necessary to make the purchase process faster and easier.<\/div>\n\t\t\t\n\t\t\t\n\t\t\t<a href=\"#\" rel=\"nofollow noopener\" class=\"btn wd-switch-to-register\" data-login=\"\u0412\u0445\u043e\u0434\" data-login-title=\"Piesl\u0113gties\" data-reg-title=\"Register\" data-register=\"\u0420\u0435\u0433\u0438\u0441\u0442\u0440\u0430\u0446\u0438\u044f\" data-no-translation=\"\" data-trp-gettext=\"\" data-no-translation-data-login=\"\" data-no-translation-data-register=\"\">\u0420\u0435\u0433\u0438\u0441\u0442\u0440\u0430\u0446\u0438\u044f<\/a>\n\n\t\t<\/div>\n\t\n<\/div>\n\n<\/div>\n\n<\/div><\/div>\n\t\t\t\t\t\t<\/div>\n\t\t\t\t<\/div>\n\t\t\t\t\t<\/div>\n\t\t<\/div>\n\t\t\t\t\t<\/div>\n\t\t<\/section>\n\t\t\t\t<\/div>","protected":false},"excerpt":{"rendered":"<p>\u041c\u043e\u0439 \u043f\u0440\u043e\u0444\u0438\u043b\u044c<\/p>","protected":false},"author":1,"featured_media":0,"parent":0,"menu_order":0,"comment_status":"closed","ping_status":"closed","template":"","meta":{"footnotes":""},"class_list":["post-41","page","type-page","status-publish","hentry"],"_links":{"self":[{"href":"https:\/\/nexgen.lv\/ru\/wp-json\/wp\/v2\/pages\/41","targetHints":{"allow":["GET"]}}],"collection":[{"href":"https:\/\/nexgen.lv\/ru\/wp-json\/wp\/v2\/pages"}],"about":[{"href":"https:\/\/nexgen.lv\/ru\/wp-json\/wp\/v2\/types\/page"}],"author":[{"embeddable":true,"href":"https:\/\/nexgen.lv\/ru\/wp-json\/wp\/v2\/users\/1"}],"replies":[{"embeddable":true,"href":"https:\/\/nexgen.lv\/ru\/wp-json\/wp\/v2\/comments?post=41"}],"version-history":[{"count":3,"href":"https:\/\/nexgen.lv\/ru\/wp-json\/wp\/v2\/pages\/41\/revisions"}],"predecessor-version":[{"id":30227,"href":"https:\/\/nexgen.lv\/ru\/wp-json\/wp\/v2\/pages\/41\/revisions\/30227"}],"wp:attachment":[{"href":"https:\/\/nexgen.lv\/ru\/wp-json\/wp\/v2\/media?parent=41"}],"curies":[{"name":"wp","href":"https:\/\/api.w.org\/{rel}","templated":true}]}}