{"id":39,"date":"2026-01-13T07:24:48","date_gmt":"2026-01-13T07:24:48","guid":{"rendered":"https:\/\/nexgen.lv\/cart-2\/"},"modified":"2026-01-23T10:12:03","modified_gmt":"2026-01-23T10:12:03","slug":"cart-2","status":"publish","type":"page","link":"https:\/\/nexgen.lv\/ru\/cart-2\/","title":{"rendered":"Cart"},"content":{"rendered":"<div data-elementor-type=\"wp-post\" data-elementor-id=\"39\" class=\"elementor elementor-39 elementor-bc-flex-widget\">\n\t\t\t\t\t\t<section class=\"wd-negative-gap elementor-section elementor-top-section elementor-element elementor-element-4feb71c elementor-section-boxed elementor-section-height-default elementor-section-height-default\" data-id=\"4feb71c\" data-element_type=\"section\" data-e-type=\"section\" data-settings=\"{&quot;background_background&quot;:&quot;classic&quot;}\">\n\t\t\t\t\t\t<div class=\"elementor-container elementor-column-gap-default\">\n\t\t\t\t\t<div class=\"elementor-column elementor-col-100 elementor-top-column elementor-element elementor-element-4b10cab\" data-id=\"4b10cab\" data-element_type=\"column\" data-e-type=\"column\">\n\t\t\t<div class=\"elementor-widget-wrap elementor-element-populated\">\n\t\t\t\t\t\t<div class=\"elementor-element elementor-element-49083bd elementor-widget elementor-widget-heading\" data-id=\"49083bd\" data-element_type=\"widget\" data-e-type=\"widget\" data-widget_type=\"heading.default\">\n\t\t\t\t<div class=\"elementor-widget-container\">\n\t\t\t\t\t<h1 class=\"elementor-heading-title elementor-size-default\">Cart<\/h1>\t\t\t\t<\/div>\n\t\t\t\t<\/div>\n\t\t\t\t\t<\/div>\n\t\t<\/div>\n\t\t\t\t\t<\/div>\n\t\t<\/section>\n\t\t\t\t<section class=\"wd-negative-gap elementor-section elementor-top-section elementor-element elementor-element-4c824ebb elementor-section-boxed elementor-section-height-default elementor-section-height-default\" data-id=\"4c824ebb\" data-element_type=\"section\" data-e-type=\"section\" data-settings=\"{&quot;background_background&quot;:&quot;classic&quot;}\">\n\t\t\t\t\t\t<div class=\"elementor-container elementor-column-gap-default\">\n\t\t\t\t\t<div class=\"elementor-column elementor-col-100 elementor-top-column elementor-element elementor-element-7a91de92\" data-id=\"7a91de92\" data-element_type=\"column\" data-e-type=\"column\">\n\t\t\t<div class=\"elementor-widget-wrap elementor-element-populated\">\n\t\t\t\t\t\t<div class=\"elementor-element elementor-element-245f8e5c elementor-widget elementor-widget-shortcode\" data-id=\"245f8e5c\" data-element_type=\"widget\" data-e-type=\"widget\" data-widget_type=\"shortcode.default\">\n\t\t\t\t<div class=\"elementor-widget-container\">\n\t\t\t\t\t\t\t<div class=\"elementor-shortcode\"><div class=\"woocommerce\"><div class=\"woocommerce-notices-wrapper\"><\/div><div class=\"wc-empty-cart-message\">\n\t<div class=\"cart-empty woocommerce-info\" role=\"status\">\n\t\t\u0412\u0430\u0448\u0430 \u043a\u043e\u0440\u0437\u0438\u043d\u0430 \u043f\u043e\u043a\u0430 \u043f\u0443\u0441\u0442\u0430.\t<\/div>\n<\/div>\t\t<p class=\"cart-empty wd-empty-page wc-empty-cart-message\">\n\t\t\t\u0412\u0430\u0448\u0430 \u043a\u043e\u0440\u0437\u0438\u043d\u0430 \u043f\u043e\u043a\u0430 \u043f\u0443\u0441\u0442\u0430.\t\t<\/p>\n\t\t\t\t\t\t<div class=\"wd-empty-page-text\">\n\t\t\t\tPirms turpin\u0101t pas\u016bt\u012bjuma noform\u0113\u0161anu, jums j\u0101pievieno grozam vismaz viens produkts. Daudz interesantu produktu atrad\u012bsiet m\u016bsu \u201cVeikala\u201d lap\u0101.\t\t\t<\/div>\n\t\t\t\t<p class=\"return-to-shop\">\n\t\t<a class=\"button wc-backward\" href=\"https:\/\/nexgen.lv\/ru\/?page_id=29597\">\n\t\t\t\u0412\u0435\u0440\u043d\u0443\u0442\u044c\u0441\u044f \u0432 \u043c\u0430\u0433\u0430\u0437\u0438\u043d\t\t<\/a>\n\t<\/p>\n<\/div><\/div>\n\t\t\t\t\t\t<\/div>\n\t\t\t\t<\/div>\n\t\t\t\t\t<\/div>\n\t\t<\/div>\n\t\t\t\t\t<\/div>\n\t\t<\/section>\n\t\t\t\t<\/div>","protected":false},"excerpt":{"rendered":"<p>Cart<\/p>","protected":false},"author":1,"featured_media":0,"parent":0,"menu_order":0,"comment_status":"closed","ping_status":"closed","template":"","meta":{"footnotes":""},"class_list":["post-39","page","type-page","status-publish","hentry"],"_links":{"self":[{"href":"https:\/\/nexgen.lv\/ru\/wp-json\/wp\/v2\/pages\/39","targetHints":{"allow":["GET"]}}],"collection":[{"href":"https:\/\/nexgen.lv\/ru\/wp-json\/wp\/v2\/pages"}],"about":[{"href":"https:\/\/nexgen.lv\/ru\/wp-json\/wp\/v2\/types\/page"}],"author":[{"embeddable":true,"href":"https:\/\/nexgen.lv\/ru\/wp-json\/wp\/v2\/users\/1"}],"replies":[{"embeddable":true,"href":"https:\/\/nexgen.lv\/ru\/wp-json\/wp\/v2\/comments?post=39"}],"version-history":[{"count":1,"href":"https:\/\/nexgen.lv\/ru\/wp-json\/wp\/v2\/pages\/39\/revisions"}],"predecessor-version":[{"id":30093,"href":"https:\/\/nexgen.lv\/ru\/wp-json\/wp\/v2\/pages\/39\/revisions\/30093"}],"wp:attachment":[{"href":"https:\/\/nexgen.lv\/ru\/wp-json\/wp\/v2\/media?parent=39"}],"curies":[{"name":"wp","href":"https:\/\/api.w.org\/{rel}","templated":true}]}}