{"id":118,"date":"2022-12-01T13:36:28","date_gmt":"2022-12-01T13:36:28","guid":{"rendered":"http:\/\/dummy.xtemos.com\/woodmart2\/mega-electronics-elementor\/?page_id=118"},"modified":"2026-02-24T12:05:37","modified_gmt":"2026-02-24T12:05:37","slug":"wishlist","status":"publish","type":"page","link":"https:\/\/nexgen.lv\/ru\/wishlist\/","title":{"rendered":"Wishlist"},"content":{"rendered":"<div data-elementor-type=\"wp-page\" data-elementor-id=\"118\" class=\"elementor elementor-118\">\n\t\t\t\t\t\t<section class=\"wd-negative-gap elementor-section elementor-top-section elementor-element elementor-element-f8863df elementor-section-boxed elementor-section-height-default elementor-section-height-default\" data-id=\"f8863df\" data-element_type=\"section\" data-e-type=\"section\">\n\t\t\t\t\t\t<div class=\"elementor-container elementor-column-gap-default\">\n\t\t\t\t\t<div class=\"elementor-column elementor-col-100 elementor-top-column elementor-element elementor-element-521f086\" data-id=\"521f086\" data-element_type=\"column\" data-e-type=\"column\">\n\t\t\t<div class=\"elementor-widget-wrap elementor-element-populated\">\n\t\t\t\t\t\t<div class=\"elementor-element elementor-element-e2ed285 elementor-widget elementor-widget-wd_wishlist\" data-id=\"e2ed285\" data-element_type=\"widget\" data-e-type=\"widget\" data-widget_type=\"wd_wishlist.default\">\n\t\t\t\t<div class=\"elementor-widget-container\">\n\t\t\t\t\t\t\t\n\t\t\n\n\t\t\t\t<div class=\"\" >\n\t\t\t\t\t\t<div class=\"wd-wishlist-content\">\n\t\t\t\t\t\t\t\t\t\t\t\n\t\t<p class=\"wd-empty-wishlist wd-empty-page\">\n\t\t\tThis wishlist is empty.\t\t<\/p>\n\n\t\t\t\t\t<div class=\"wd-empty-page-text\">\n\t\t\t\t\u0421\u043f\u0438\u0441\u043e\u043a \u0436\u0435\u043b\u0430\u043d\u0438\u0439 \u043f\u043e\u043a\u0430 \u043f\u0443\u0441\u0442. \u0418\u043d\u0442\u0435\u0440\u0435\u0441\u043d\u044b\u0435 \u0442\u043e\u0432\u0430\u0440\u044b \u0432\u044b \u043d\u0430\u0439\u0434\u0451\u0442\u0435 \u043d\u0430 \u0441\u0442\u0440\u0430\u043d\u0438\u0446\u0435 \u00ab\u041c\u0430\u0433\u0430\u0437\u0438\u043d\u00bb.\t\t\t<\/div>\n\t\t\n\t\t\n\t\t\t\t\t<p class=\"return-to-shop\">\n\t\t\t\t<a class=\"button\" href=\"https:\/\/nexgen.lv\/ru\/?page_id=29597\">\n\t\t\t\t\tReturn to shop\t\t\t\t<\/a>\n\t\t\t<\/p>\n\t\t\t\t\t\t\t\t\t\t\t<\/div>\n\t\t\t\t<\/div>\n\t\t\t\t\t\t<\/div>\n\t\t\t\t<\/div>\n\t\t\t\t\t<\/div>\n\t\t<\/div>\n\t\t\t\t\t<\/div>\n\t\t<\/section>\n\t\t\t\t<\/div>","protected":false},"excerpt":{"rendered":"<p>My account R\u012bku panelis Pas\u016bt\u012bjumi Lejupiel\u0101des Adrese Profila inform\u0101cija V\u0113lmju saraksts Izrakst\u012bties V\u0113lmju saraksts ir tuk\u0161s. You don&#8217;t have any<\/p>","protected":false},"author":1,"featured_media":0,"parent":0,"menu_order":0,"comment_status":"closed","ping_status":"closed","template":"","meta":{"footnotes":""},"class_list":["post-118","page","type-page","status-publish","hentry"],"_links":{"self":[{"href":"https:\/\/nexgen.lv\/ru\/wp-json\/wp\/v2\/pages\/118","targetHints":{"allow":["GET"]}}],"collection":[{"href":"https:\/\/nexgen.lv\/ru\/wp-json\/wp\/v2\/pages"}],"about":[{"href":"https:\/\/nexgen.lv\/ru\/wp-json\/wp\/v2\/types\/page"}],"author":[{"embeddable":true,"href":"https:\/\/nexgen.lv\/ru\/wp-json\/wp\/v2\/users\/1"}],"replies":[{"embeddable":true,"href":"https:\/\/nexgen.lv\/ru\/wp-json\/wp\/v2\/comments?post=118"}],"version-history":[{"count":3,"href":"https:\/\/nexgen.lv\/ru\/wp-json\/wp\/v2\/pages\/118\/revisions"}],"predecessor-version":[{"id":30607,"href":"https:\/\/nexgen.lv\/ru\/wp-json\/wp\/v2\/pages\/118\/revisions\/30607"}],"wp:attachment":[{"href":"https:\/\/nexgen.lv\/ru\/wp-json\/wp\/v2\/media?parent=118"}],"curies":[{"name":"wp","href":"https:\/\/api.w.org\/{rel}","templated":true}]}}